{"id":9363,"date":"2023-04-12T08:53:45","date_gmt":"2023-04-12T08:53:45","guid":{"rendered":"http:\/\/localhost\/mrittik\/?page_id=502"},"modified":"2024-04-21T23:12:09","modified_gmt":"2024-04-22T05:12:09","slug":"descargables","status":"publish","type":"page","link":"https:\/\/abragia.com\/en\/descargables\/","title":{"rendered":"Descargables"},"content":{"rendered":"<div data-elementor-type=\"wp-page\" data-elementor-id=\"9363\" class=\"elementor elementor-9363\">\n\t\t\t\t        <section class=\"elementor-section elementor-top-section elementor-element elementor-element-75111a2 elementor-section-boxed elementor-section-height-default elementor-section-height-default pxl-row-scroll-none pxl-show-grid-none pxl-section-bg-none\" data-id=\"75111a2\" data-element_type=\"section\" data-e-type=\"section\">\n\n                \n                <div class=\"elementor-container elementor-column-gap-default\">\n                <div class=\"elementor-column elementor-col-100 elementor-top-column elementor-element elementor-element-34e480a pxl-column-none\" data-id=\"34e480a\" data-element_type=\"column\" data-e-type=\"column\">\r\n        <div class=\"elementor-widget-wrap elementor-element-populated\">\r\n                     \r\n        \t\t<div class=\"elementor-element elementor-element-51b19f3 elementor-widget elementor-widget-spacer\" data-id=\"51b19f3\" data-element_type=\"widget\" data-e-type=\"widget\" data-widget_type=\"spacer.default\">\n\t\t\t\t<div class=\"elementor-widget-container\">\n\t\t\t\t\t\t\t<div class=\"elementor-spacer\">\n\t\t\t<div class=\"elementor-spacer-inner\"><\/div>\n\t\t<\/div>\n\t\t\t\t\t\t<\/div>\n\t\t\t\t<\/div>\n\t\t\t\t<div class=\"elementor-element elementor-element-02a9851 elementor-widget elementor-widget-pxl_text_editor\" data-id=\"02a9851\" data-element_type=\"widget\" data-e-type=\"widget\" data-widget_type=\"pxl_text_editor.default\">\n\t\t\t\t<div class=\"elementor-widget-container\">\n\t\t\t\t\t<div class=\"pxl-text-editor\" data-wow-delay=\"ms\" data-wow-duration=\"1.2s\">\n\t<div class=\"pxl-item--inner\">\n\t\t<p style=\"text-align: justify\" align=\"justify\">Bienvenido a nuestra secci\u00f3n de descargables, donde podr\u00e1s encontrar una variedad de recursos \u00fatiles para el dise\u00f1o estructural. Aqu\u00ed encontrar\u00e1s normativas actualizadas, planos detallados, y material t\u00e9cnico relacionado con mamposter\u00eda, acero, madera y concreto.<\/p><p>Nuestro objetivo es proporcionarte herramientas pr\u00e1cticas que faciliten tu trabajo en el campo de la ingenier\u00eda estructural.<\/p><p><strong>\u00a1Explora nuestra colecci\u00f3n y descarga los recursos que necesitas para tus proyectos!<\/strong><\/p>\t<\/div>\n<\/div>\n\t\t\t\t<\/div>\n\t\t\t\t<\/div>\n\t\t\t\t<div class=\"elementor-element elementor-element-6d73bbf elementor-widget elementor-widget-pxl_list\" data-id=\"6d73bbf\" data-element_type=\"widget\" data-e-type=\"widget\" data-widget_type=\"pxl_list.default\">\n\t\t\t\t<div class=\"elementor-widget-container\">\n\t\t\t\t\t    <div class=\"pxl-list style1\" data-wow-delay=\"ms\" data-wow-duration=\"1.2s\">\r\n                <ul class=\"pxl-item--list\">\r\n                            <li class=\"pxl-list--content\">\r\n                                            <span>NORMA 1<\/span>\r\n                                                        <\/li>\r\n                            <li class=\"pxl-list--content\">\r\n                                            <span>PLANO X<\/span>\r\n                                                        <\/li>\r\n                            <li class=\"pxl-list--content\">\r\n                                            <span>Diploma In Landscape Design From<\/span>\r\n                                                        <\/li>\r\n                    <\/ul>\r\n    <\/div>\r\n\t\t\t\t<\/div>\n\t\t\t\t<\/div>\n\t\t            <\/div>\r\n        <\/div>\r\n        \t\t\t<\/div>\n\t\t<\/section>\n\t\t\t\t<\/div>","protected":false},"excerpt":{"rendered":"<p>Bienvenido a nuestra secci\u00f3n de descargables, donde podr\u00e1s encontrar una variedad de recursos \u00fatiles para el dise\u00f1o estructural. Aqu\u00ed encontrar\u00e1s normativas actualizadas, planos detallados, y material t\u00e9cnico relacionado con mamposter\u00eda, acero, madera y concreto. Nuestro objetivo es proporcionarte herramientas pr\u00e1cticas que faciliten tu trabajo en el campo de la ingenier\u00eda estructural. \u00a1Explora nuestra colecci\u00f3n y [&hellip;]<\/p>\n","protected":false},"author":2,"featured_media":0,"parent":0,"menu_order":0,"comment_status":"closed","ping_status":"closed","template":"","meta":{"footnotes":""},"class_list":["post-9363","page","type-page","status-publish","hentry"],"_links":{"self":[{"href":"https:\/\/abragia.com\/en\/wp-json\/wp\/v2\/pages\/9363","targetHints":{"allow":["GET"]}}],"collection":[{"href":"https:\/\/abragia.com\/en\/wp-json\/wp\/v2\/pages"}],"about":[{"href":"https:\/\/abragia.com\/en\/wp-json\/wp\/v2\/types\/page"}],"author":[{"embeddable":true,"href":"https:\/\/abragia.com\/en\/wp-json\/wp\/v2\/users\/2"}],"replies":[{"embeddable":true,"href":"https:\/\/abragia.com\/en\/wp-json\/wp\/v2\/comments?post=9363"}],"version-history":[{"count":4,"href":"https:\/\/abragia.com\/en\/wp-json\/wp\/v2\/pages\/9363\/revisions"}],"predecessor-version":[{"id":10250,"href":"https:\/\/abragia.com\/en\/wp-json\/wp\/v2\/pages\/9363\/revisions\/10250"}],"wp:attachment":[{"href":"https:\/\/abragia.com\/en\/wp-json\/wp\/v2\/media?parent=9363"}],"curies":[{"name":"wp","href":"https:\/\/api.w.org\/{rel}","templated":true}]}}