{"id":9362,"date":"2023-04-12T08:52:46","date_gmt":"2023-04-12T08:52:46","guid":{"rendered":"http:\/\/localhost\/mrittik\/?page_id=498"},"modified":"2024-04-21T23:09:21","modified_gmt":"2024-04-22T05:09:21","slug":"aviso-de-privacidad","status":"publish","type":"page","link":"https:\/\/abragia.com\/en\/aviso-de-privacidad\/","title":{"rendered":"Aviso de Privacidad"},"content":{"rendered":"<div data-elementor-type=\"wp-page\" data-elementor-id=\"9362\" class=\"elementor elementor-9362\">\n\t\t\t\t        <section class=\"elementor-section elementor-top-section elementor-element elementor-element-a856b0c elementor-section-boxed elementor-section-height-default elementor-section-height-default pxl-row-scroll-none pxl-show-grid-none pxl-section-bg-none\" data-id=\"a856b0c\" data-element_type=\"section\" data-e-type=\"section\">\n\n                \n                <div class=\"elementor-container elementor-column-gap-default\">\n                <div class=\"elementor-column elementor-col-100 elementor-top-column elementor-element elementor-element-659444f pxl-column-none\" data-id=\"659444f\" data-element_type=\"column\" data-e-type=\"column\">\r\n        <div class=\"elementor-widget-wrap elementor-element-populated\">\r\n                     \r\n        \t\t<div class=\"elementor-element elementor-element-8f5f7a1 elementor-widget elementor-widget-pxl_text_editor\" data-id=\"8f5f7a1\" data-element_type=\"widget\" data-e-type=\"widget\" data-widget_type=\"pxl_text_editor.default\">\n\t\t\t\t<div class=\"elementor-widget-container\">\n\t\t\t\t\t<div class=\"pxl-text-editor\" data-wow-delay=\"ms\" data-wow-duration=\"1.2s\">\n\t<div class=\"pxl-item--inner\">\n\t\t<p>Aviso privacidad Integral.<\/p><p>\u00a0Con fundamento en los numerales 8, 14, 15, 16, 33 de la Ley federal de protecci\u00f3n de datos personales en posesi\u00f3n de los particulares; y los art\u00edculos 14, 36, 40, 41, 42, 43, 68, 90, 102 del Reglamento de la Ley federal de protecci\u00f3n de datos personales en posesi\u00f3n de los particulares; as\u00ed como los dem\u00e1s relativos y aplicables en materia de protecci\u00f3n de datos personales, se extiende el Aviso de privacidad Integral, para el consumidor en los siguientes supuestos:<\/p><p>\u00a0ABRAGIA S.A de C.V responsable de la empresa con nombre comercial abragia.com, con domicilio en Guadalupe Inn, Alfonso Esparza Oteo<br \/>. Para o\u00edr y recibir notificaciones, es el responsable del uso y protecci\u00f3n de sus datos personales, y al respecto le informamos lo siguiente:<\/p><section id=\"presscore-custom-menu-one-2\" class=\"widget widget_presscore-custom-menu-one wf-cell wf-1-4\"><\/section><p>Los datos personales que recabamos de usted, los utilizaremos para las siguientes finalidades que son necesarias para el servicio que solicita:<\/p><ul><li>Nombre: mismos que ser\u00e1 necesario para saber a qui\u00e9n va dirigido nuestros servicios.<\/li><li>N\u00famero Telef\u00f3nico: Dato que servir\u00e1 para conocer si el usuario cuenta con la capacidad legal que indica la ley.<\/li><li>Correo electr\u00f3nico del usuario: Mismo que servir\u00e1 para la comunicaci\u00f3n con el cliente.<\/li><\/ul><p>Se aclara al usuario que su informaci\u00f3n s\u00ed se utilizar\u00e1 para alguna finalidad secundaria, que posteriormente se precisar\u00e1, ya que con la aportaci\u00f3n de los datos solicitados brindaremos una adecuada atenci\u00f3n.<\/p><p>Para llevar a cabo las finalidades descritas en el presente aviso de privacidad, utilizaremos los siguientes datos personales: nombre,\u00a0 correo electr\u00f3nico, tel\u00e9fono.<\/p><p>Para proteger su informaci\u00f3n personal, tomamos las precauciones razonables y seguir las mejores pr\u00e1cticas de la industria para asegurarse de que no se pierde de manera inapropiada, mal uso, acceso, divulgada, alterado o destruido.<\/p><p>Si usted nos proporciona su informaci\u00f3n de tarjeta de cr\u00e9dito, tenemos medidas t\u00e9cnicas, f\u00edsicas y administrativas de seguridad, dise\u00f1adas para proteger adecuadamente sus Datos Personales con el fin de prevenir la p\u00e9rdida, el uso indebido, el acceso no autorizado, la divulgaci\u00f3n y la alteraci\u00f3n de sus datos. Las medidas de seguridad incluyen controles de acceso f\u00edsico a nuestros centros de datos y controles de autorizaci\u00f3n de acceso a la informaci\u00f3n. No tenemos la responsabilidad de proteger los Datos Personales que compartimos con terceros en funci\u00f3n de una conexi\u00f3n de cuentas que usted haya autorizado.<\/p><p>Cuando usted nos proporciona informaci\u00f3n personal para completar una transacci\u00f3n, verificar su tarjeta de cr\u00e9dito, hacer un pedido, los arreglos para una entrega o cambio de una compra, implicar\u00eda en caso de elegir recoger el producto en el domicilio, este se entregar\u00eda en el domicilio de la empresa ubicado en Guadalupe Inn, Alfonso Esparza Oteo , de lo contrario se enviara (por medio del servicio de paqueter\u00eda que escoja) a la direcci\u00f3n proporcionada por el usuario en la base de datos.<\/p><p>Le pedimos su informaci\u00f3n personal por una raz\u00f3n secundaria, como el marketing, para efecto de hacerle conocer nuestros servicios y promociones que podemos ofrecerle al usuario.<\/p><p>En general, los proveedores de terceros utilizados por nosotros s\u00f3lo recopilan, utilizan y divulgan su informaci\u00f3n en la medida necesaria para que puedan realizar los servicios que prestan al responsable de la empresa.<\/p><p>Sin embargo, algunos proveedores de servicios de terceros, tales como pasarelas de pago y otros procesadores de transacciones de pago, tienen sus propias pol\u00edticas de privacidad con respecto a la informaci\u00f3n que estamos obligados a proporcionar a ellos para sus transacciones relacionadas con la compra.<\/p><p>Para estos proveedores, le recomendamos que lea las pol\u00edticas de privacidad para que pueda entender la manera en que su informaci\u00f3n personal ser\u00e1 manejada por estos proveedores.<\/p><p>En particular, recuerde que algunos proveedores pueden estar ubicados en o disponer de las instalaciones que se encuentran una jurisdicci\u00f3n diferente a usted o nosotros. As\u00ed que, si usted decide proceder con una transacci\u00f3n que involucra a los servicios de un proveedor de servicios de terceros, a continuaci\u00f3n, su informaci\u00f3n puede estar sujeta a las leyes de la jurisdicci\u00f3n en el que se encuentra el proveedor de servicios o sus instalaciones.<\/p><p>Al utilizar este sitio, usted declara que tiene al menos la mayor\u00eda de edad en su estado o provincia de residencia, o que son la mayor\u00eda de edad en su estado o provincia de residencia y que nos han dado su consentimiento para permitir cualquiera de sus dependientes menores a usar este sitio.<\/p><p>Una vez que abandone el sitio web de nuestra tienda o redirige a un sitio web o aplicaci\u00f3n de terceros, ya no se rigen por la presente Pol\u00edtica de Privacidad o de nuestro sitio T\u00e9rminos de Servicio.<\/p><p>Usted puede revocar el consentimiento que, en su caso, nos haya otorgado para el tratamiento de sus datos personales. Sin embargo, es importante que tenga en cuenta que no en todos los casos podremos atender su solicitud o concluir el uso de forma inmediata, ya que es posible que por alguna obligaci\u00f3n legal requiramos seguir tratando sus datos personales. Asimismo, usted deber\u00e1 considerar que, para ciertos fines, la revocaci\u00f3n de su consentimiento implicar\u00e1 que no le podamos seguir prestando el servicio que nos solicit\u00f3, o la conclusi\u00f3n de su relaci\u00f3n con nosotros.<\/p><p>Le informamos que en nuestra p\u00e1gina de Internet utilizamos cookies, web beacons y otras tecnolog\u00edas a trav\u00e9s de las cuales es posible monitorear su comportamiento como usuario de Internet, as\u00ed como brindarle un mejor servicio y experiencia de usuario al navegar en nuestra p\u00e1gina.<\/p><p>El presente aviso de privacidad puede sufrir modificaciones, cambios o actualizaciones derivadas de nuevos requerimientos legales; de nuestras propias necesidades por los productos o servicios que ofrecemos; de nuestras pr\u00e1cticas de privacidad; de cambios en nuestro modelo de negocio, o por otras causas.<\/p><p>Nos comprometemos a mantenerlo informado sobre los cambios que pueda sufrir el presente aviso de privacidad, a trav\u00e9s de nuestra p\u00e1gina de internet: www.abragia.com<\/p>\t<\/div>\n<\/div>\n\t\t\t\t<\/div>\n\t\t\t\t<\/div>\n\t\t            <\/div>\r\n        <\/div>\r\n        \t\t\t<\/div>\n\t\t<\/section>\n\t\t        <section class=\"elementor-section elementor-top-section elementor-element elementor-element-dcc35b8 elementor-section-boxed elementor-section-height-default elementor-section-height-default pxl-row-scroll-none pxl-show-grid-none pxl-section-bg-none\" data-id=\"dcc35b8\" data-element_type=\"section\" data-e-type=\"section\">\n\n                \n                <div class=\"elementor-container elementor-column-gap-default\">\n                <div class=\"elementor-column elementor-col-100 elementor-top-column elementor-element elementor-element-60ecec3 pxl-column-none\" data-id=\"60ecec3\" data-element_type=\"column\" data-e-type=\"column\">\r\n        <div class=\"elementor-widget-wrap elementor-element-populated\">\r\n                     \r\n                    <\/div>\r\n        <\/div>\r\n        \t\t\t<\/div>\n\t\t<\/section>\n\t\t\t\t<\/div>","protected":false},"excerpt":{"rendered":"<p>Aviso privacidad Integral. \u00a0Con fundamento en los numerales 8, 14, 15, 16, 33 de la Ley federal de protecci\u00f3n de datos personales en posesi\u00f3n de los particulares; y los art\u00edculos 14, 36, 40, 41, 42, 43, 68, 90, 102 del Reglamento de la Ley federal de protecci\u00f3n de datos personales en posesi\u00f3n de los particulares; [&hellip;]<\/p>\n","protected":false},"author":2,"featured_media":0,"parent":0,"menu_order":0,"comment_status":"closed","ping_status":"closed","template":"","meta":{"footnotes":""},"class_list":["post-9362","page","type-page","status-publish","hentry"],"_links":{"self":[{"href":"https:\/\/abragia.com\/en\/wp-json\/wp\/v2\/pages\/9362","targetHints":{"allow":["GET"]}}],"collection":[{"href":"https:\/\/abragia.com\/en\/wp-json\/wp\/v2\/pages"}],"about":[{"href":"https:\/\/abragia.com\/en\/wp-json\/wp\/v2\/types\/page"}],"author":[{"embeddable":true,"href":"https:\/\/abragia.com\/en\/wp-json\/wp\/v2\/users\/2"}],"replies":[{"embeddable":true,"href":"https:\/\/abragia.com\/en\/wp-json\/wp\/v2\/comments?post=9362"}],"version-history":[{"count":1,"href":"https:\/\/abragia.com\/en\/wp-json\/wp\/v2\/pages\/9362\/revisions"}],"predecessor-version":[{"id":10282,"href":"https:\/\/abragia.com\/en\/wp-json\/wp\/v2\/pages\/9362\/revisions\/10282"}],"wp:attachment":[{"href":"https:\/\/abragia.com\/en\/wp-json\/wp\/v2\/media?parent=9362"}],"curies":[{"name":"wp","href":"https:\/\/api.w.org\/{rel}","templated":true}]}}